{"id":190,"date":"2024-06-12T18:48:51","date_gmt":"2024-06-12T17:48:51","guid":{"rendered":"https:\/\/192.168.1.89\/?page_id=190"},"modified":"2024-10-28T10:40:38","modified_gmt":"2024-10-28T09:40:38","slug":"quienes-somos","status":"publish","type":"page","link":"https:\/\/www.asociaciontsis.es\/?page_id=190","title":{"rendered":"Quienes somos"},"content":{"rendered":"\n<p>La Asociaci\u00f3n TSIS nace en el a\u00f1o 1997 fruto de la inquietud de tres profesionales del \u00e1mbito de las ciencias sociales, dos psic\u00f3logas y un trabajador social, desde la que pretend\u00edan desarrollar un trabajo terap\u00e9utico con familias en crisis inspirados y orientados por la corriente sist\u00e9mica. Esta orientaci\u00f3n, que gui\u00f3 en sus inicios el trabajo socioeducativo y psicoeducativo de nuestra entidad, no pod\u00eda permanecer como \u00fanico postulado y se ampli\u00f3 a otras tendencias de las ciencias sociales cuya validez estaba plenamente contrastada.<\/p>\n\n\n\n<p>Nuestra actividad est\u00e1 dirigida de manera gen\u00e9rica a la familia desde el programa <strong><em>Aulas de familia Guadalajara<\/em><\/strong> y, de manera espec\u00edfica, a familias en crisis desde el programa <strong><em>DIAM Guadalajara.<\/em><\/strong><\/p>\n\n\n\n<p>La Asociaci\u00f3n TSIS, desde cualquiera de los programas que ha desarrollado y que desarrolla en la actualidad, siempre ha ejecutado su actividad terap\u00e9utica situ\u00e1ndose en el <strong><em>inter\u00e9s superior del menor<\/em><\/strong> y en el <strong><em>bienestar de las familias<\/em><\/strong>. Para ello, los profesionales que intervienen tienen a su alcance las nuevas tendencias del campo de las ciencias sociales a trav\u00e9s de la formaci\u00f3n continua y una bibliograf\u00eda actualizada a los nuevos tiempos.<\/p>\n\n\n\n<div style=\"height:63px\" aria-hidden=\"true\" class=\"wp-block-spacer\"><\/div>\n","protected":false},"excerpt":{"rendered":"<p>La Asociaci\u00f3n TSIS nace en el a\u00f1o 1997 fruto de la inquietud de tres profesionales del \u00e1mbito de las ciencias [&hellip;]<\/p>\n","protected":false},"author":1,"featured_media":0,"parent":0,"menu_order":0,"comment_status":"closed","ping_status":"closed","template":"","meta":{"site-sidebar-layout":"default","site-content-layout":"","ast-site-content-layout":"default","site-content-style":"default","site-sidebar-style":"default","ast-global-header-display":"","ast-banner-title-visibility":"","ast-main-header-display":"","ast-hfb-above-header-display":"","ast-hfb-below-header-display":"","ast-hfb-mobile-header-display":"","site-post-title":"","ast-breadcrumbs-content":"","ast-featured-img":"","footer-sml-layout":"","theme-transparent-header-meta":"","adv-header-id-meta":"","stick-header-meta":"","header-above-stick-meta":"","header-main-stick-meta":"","header-below-stick-meta":"","astra-migrate-meta-layouts":"default","ast-page-background-enabled":"default","ast-page-background-meta":{"desktop":{"background-color":"var(--ast-global-color-4)","background-image":"","background-repeat":"repeat","background-position":"center center","background-size":"auto","background-attachment":"scroll","background-type":"","background-media":"","overlay-type":"","overlay-color":"","overlay-opacity":"","overlay-gradient":""},"tablet":{"background-color":"","background-image":"","background-repeat":"repeat","background-position":"center center","background-size":"auto","background-attachment":"scroll","background-type":"","background-media":"","overlay-type":"","overlay-color":"","overlay-opacity":"","overlay-gradient":""},"mobile":{"background-color":"","background-image":"","background-repeat":"repeat","background-position":"center center","background-size":"auto","background-attachment":"scroll","background-type":"","background-media":"","overlay-type":"","overlay-color":"","overlay-opacity":"","overlay-gradient":""}},"ast-content-background-meta":{"desktop":{"background-color":"var(--ast-global-color-5)","background-image":"","background-repeat":"repeat","background-position":"center center","background-size":"auto","background-attachment":"scroll","background-type":"","background-media":"","overlay-type":"","overlay-color":"","overlay-opacity":"","overlay-gradient":""},"tablet":{"background-color":"var(--ast-global-color-5)","background-image":"","background-repeat":"repeat","background-position":"center center","background-size":"auto","background-attachment":"scroll","background-type":"","background-media":"","overlay-type":"","overlay-color":"","overlay-opacity":"","overlay-gradient":""},"mobile":{"background-color":"var(--ast-global-color-5)","background-image":"","background-repeat":"repeat","background-position":"center center","background-size":"auto","background-attachment":"scroll","background-type":"","background-media":"","overlay-type":"","overlay-color":"","overlay-opacity":"","overlay-gradient":""}},"footnotes":""},"class_list":["post-190","page","type-page","status-publish","hentry"],"_links":{"self":[{"href":"https:\/\/www.asociaciontsis.es\/index.php?rest_route=\/wp\/v2\/pages\/190"}],"collection":[{"href":"https:\/\/www.asociaciontsis.es\/index.php?rest_route=\/wp\/v2\/pages"}],"about":[{"href":"https:\/\/www.asociaciontsis.es\/index.php?rest_route=\/wp\/v2\/types\/page"}],"author":[{"embeddable":true,"href":"https:\/\/www.asociaciontsis.es\/index.php?rest_route=\/wp\/v2\/users\/1"}],"replies":[{"embeddable":true,"href":"https:\/\/www.asociaciontsis.es\/index.php?rest_route=%2Fwp%2Fv2%2Fcomments&post=190"}],"version-history":[{"count":3,"href":"https:\/\/www.asociaciontsis.es\/index.php?rest_route=\/wp\/v2\/pages\/190\/revisions"}],"predecessor-version":[{"id":217,"href":"https:\/\/www.asociaciontsis.es\/index.php?rest_route=\/wp\/v2\/pages\/190\/revisions\/217"}],"wp:attachment":[{"href":"https:\/\/www.asociaciontsis.es\/index.php?rest_route=%2Fwp%2Fv2%2Fmedia&parent=190"}],"curies":[{"name":"wp","href":"https:\/\/api.w.org\/{rel}","templated":true}]}}