{"id":77,"date":"2024-05-06T13:28:12","date_gmt":"2024-05-06T12:28:12","guid":{"rendered":"https:\/\/192.168.1.89\/?page_id=77"},"modified":"2024-10-28T10:38:53","modified_gmt":"2024-10-28T09:38:53","slug":"diam-guadalajara","status":"publish","type":"page","link":"https:\/\/www.asociaciontsis.es\/?page_id=77","title":{"rendered":"DIAM"},"content":{"rendered":"\n<h2 class=\"wp-block-heading has-text-align-center\"><img loading=\"lazy\" decoding=\"async\" width=\"500\" height=\"129\" class=\"wp-image-164\" style=\"width: 500px;\" src=\"https:\/\/asociaciontsis.es\/wp-content\/uploads\/2024\/06\/DIAM.jpg\" alt=\"\" srcset=\"https:\/\/www.asociaciontsis.es\/wp-content\/uploads\/2024\/06\/DIAM.jpg 500w, https:\/\/www.asociaciontsis.es\/wp-content\/uploads\/2024\/06\/DIAM-300x77.jpg 300w\" sizes=\"(max-width: 500px) 100vw, 500px\" \/><\/h2>\n\n\n\n<p>DIAM Guadalajara, o dispositivo itinerante de atenci\u00f3n al menor y la familia en Guadalajara, es un recurso implementado en la Secci\u00f3n de Protecci\u00f3n de Menores del Servicio de Infancia y Familia de la Delegaci\u00f3n Provincial de Bienestar Social de Guadalajara destinado a apoyar a los Equipos Interdisciplinares de dicha secci\u00f3n y a los equipos de Familia de Atenci\u00f3n Primaria. Compuesto por dos profesionales de las disciplinas de Psicolog\u00eda y Trabajo Social o Educaci\u00f3n Social, su trabajo se centra en favorecer la reintegraci\u00f3n familiar y la preservaci\u00f3n familiar. En el primer supuesto, la reintegraci\u00f3n familiar, se trabaja con la familia la vuelta del menor o los menores a su n\u00facleo familiar una vez se ha cesado la declaraci\u00f3n de desamparo que motiv\u00f3 la separaci\u00f3n; y en la preservaci\u00f3n familiar se trabaja con familias en las que se ha decretado una situaci\u00f3n de riesgo y evitar la declaraci\u00f3n de desamparo que conllevar\u00eda la separaci\u00f3n de los menores de su n\u00facleo familiar.<br><br>Una de las actividades permanentes que se desarrolla desde el programa DIAM Guadalajara es la realizaci\u00f3n de un programa de <a href=\"https:\/\/asociaciontsis.es\/?page_id=80\" data-type=\"page\" data-id=\"80\">radio<\/a>.<\/p>\n\n\n\n<div style=\"height:72px\" aria-hidden=\"true\" class=\"wp-block-spacer\"><\/div>\n\n\n\n<p><\/p>\n","protected":false},"excerpt":{"rendered":"<p>DIAM Guadalajara, o dispositivo itinerante de atenci\u00f3n al menor y la familia en Guadalajara, es un recurso implementado en la [&hellip;]<\/p>\n","protected":false},"author":1,"featured_media":0,"parent":0,"menu_order":0,"comment_status":"closed","ping_status":"closed","template":"","meta":{"site-sidebar-layout":"default","site-content-layout":"","ast-site-content-layout":"default","site-content-style":"default","site-sidebar-style":"default","ast-global-header-display":"","ast-banner-title-visibility":"","ast-main-header-display":"","ast-hfb-above-header-display":"","ast-hfb-below-header-display":"","ast-hfb-mobile-header-display":"","site-post-title":"disabled","ast-breadcrumbs-content":"","ast-featured-img":"","footer-sml-layout":"","theme-transparent-header-meta":"","adv-header-id-meta":"","stick-header-meta":"","header-above-stick-meta":"","header-main-stick-meta":"","header-below-stick-meta":"","astra-migrate-meta-layouts":"default","ast-page-background-enabled":"default","ast-page-background-meta":{"desktop":{"background-color":"var(--ast-global-color-4)","background-image":"","background-repeat":"repeat","background-position":"center center","background-size":"auto","background-attachment":"scroll","background-type":"","background-media":"","overlay-type":"","overlay-color":"","overlay-opacity":"","overlay-gradient":""},"tablet":{"background-color":"","background-image":"","background-repeat":"repeat","background-position":"center center","background-size":"auto","background-attachment":"scroll","background-type":"","background-media":"","overlay-type":"","overlay-color":"","overlay-opacity":"","overlay-gradient":""},"mobile":{"background-color":"","background-image":"","background-repeat":"repeat","background-position":"center center","background-size":"auto","background-attachment":"scroll","background-type":"","background-media":"","overlay-type":"","overlay-color":"","overlay-opacity":"","overlay-gradient":""}},"ast-content-background-meta":{"desktop":{"background-color":"var(--ast-global-color-5)","background-image":"","background-repeat":"repeat","background-position":"center center","background-size":"auto","background-attachment":"scroll","background-type":"","background-media":"","overlay-type":"","overlay-color":"","overlay-opacity":"","overlay-gradient":""},"tablet":{"background-color":"var(--ast-global-color-5)","background-image":"","background-repeat":"repeat","background-position":"center center","background-size":"auto","background-attachment":"scroll","background-type":"","background-media":"","overlay-type":"","overlay-color":"","overlay-opacity":"","overlay-gradient":""},"mobile":{"background-color":"var(--ast-global-color-5)","background-image":"","background-repeat":"repeat","background-position":"center center","background-size":"auto","background-attachment":"scroll","background-type":"","background-media":"","overlay-type":"","overlay-color":"","overlay-opacity":"","overlay-gradient":""}},"footnotes":""},"class_list":["post-77","page","type-page","status-publish","hentry"],"_links":{"self":[{"href":"https:\/\/www.asociaciontsis.es\/index.php?rest_route=\/wp\/v2\/pages\/77"}],"collection":[{"href":"https:\/\/www.asociaciontsis.es\/index.php?rest_route=\/wp\/v2\/pages"}],"about":[{"href":"https:\/\/www.asociaciontsis.es\/index.php?rest_route=\/wp\/v2\/types\/page"}],"author":[{"embeddable":true,"href":"https:\/\/www.asociaciontsis.es\/index.php?rest_route=\/wp\/v2\/users\/1"}],"replies":[{"embeddable":true,"href":"https:\/\/www.asociaciontsis.es\/index.php?rest_route=%2Fwp%2Fv2%2Fcomments&post=77"}],"version-history":[{"count":6,"href":"https:\/\/www.asociaciontsis.es\/index.php?rest_route=\/wp\/v2\/pages\/77\/revisions"}],"predecessor-version":[{"id":215,"href":"https:\/\/www.asociaciontsis.es\/index.php?rest_route=\/wp\/v2\/pages\/77\/revisions\/215"}],"wp:attachment":[{"href":"https:\/\/www.asociaciontsis.es\/index.php?rest_route=%2Fwp%2Fv2%2Fmedia&parent=77"}],"curies":[{"name":"wp","href":"https:\/\/api.w.org\/{rel}","templated":true}]}}