{"id":8,"date":"2024-04-05T10:03:14","date_gmt":"2024-04-05T10:03:14","guid":{"rendered":"https:\/\/192.168.1.89\/?page_id=8"},"modified":"2024-10-28T13:32:36","modified_gmt":"2024-10-28T12:32:36","slug":"home","status":"publish","type":"page","link":"https:\/\/www.asociaciontsis.es\/","title":{"rendered":"Home"},"content":{"rendered":"\n<div style=\"height:45px\" aria-hidden=\"true\" class=\"wp-block-spacer\"><\/div>\n\n\n\n<div class=\"wp-block-group alignfull has-ast-global-color-5-background-color has-background is-layout-constrained wp-container-core-group-is-layout-1 wp-block-group-is-layout-constrained\" style=\"padding-bottom:0px\">\n<div class=\"wp-block-cover\" style=\"min-height:479px;aspect-ratio:unset;\"><span aria-hidden=\"true\" class=\"wp-block-cover__background has-background-dim\"><\/span><img loading=\"lazy\" decoding=\"async\" width=\"1024\" height=\"768\" class=\"wp-block-cover__image-background wp-image-49\" alt=\"\" src=\"https:\/\/asociaciontsis.es\/wp-content\/uploads\/2024\/05\/slide-iv-1024x768-1.jpeg\" data-object-fit=\"cover\" srcset=\"https:\/\/www.asociaciontsis.es\/wp-content\/uploads\/2024\/05\/slide-iv-1024x768-1.jpeg 1024w, https:\/\/www.asociaciontsis.es\/wp-content\/uploads\/2024\/05\/slide-iv-1024x768-1-300x225.jpeg 300w, https:\/\/www.asociaciontsis.es\/wp-content\/uploads\/2024\/05\/slide-iv-1024x768-1-768x576.jpeg 768w\" sizes=\"(max-width: 1024px) 100vw, 1024px\" \/><div class=\"wp-block-cover__inner-container is-layout-flow wp-block-cover-is-layout-flow\">\n<h2 class=\"wp-block-heading has-text-align-center\"><strong><em><mark style=\"background-color:rgba(0, 0, 0, 0)\" class=\"has-inline-color has-ast-global-color-4-color\">Hacia la promoci\u00f3n del bienestar familiar y de la infancia desde 1997.<\/mark><\/em><\/strong><\/h2>\n<\/div><\/div>\n\n\n\n<div class=\"wp-block-columns are-vertically-aligned-top is-layout-flex wp-container-core-columns-is-layout-1 wp-block-columns-is-layout-flex\">\n<div class=\"wp-block-column is-vertically-aligned-top is-layout-flow wp-container-core-column-is-layout-1 wp-block-column-is-layout-flow\">\n<figure class=\"wp-block-image aligncenter size-full is-resized\"><img loading=\"lazy\" decoding=\"async\" width=\"512\" height=\"512\" src=\"https:\/\/asociaciontsis.es\/wp-content\/uploads\/2024\/05\/grupo.png\" alt=\"\" class=\"wp-image-87\" style=\"width:51px;height:auto\" srcset=\"https:\/\/www.asociaciontsis.es\/wp-content\/uploads\/2024\/05\/grupo.png 512w, https:\/\/www.asociaciontsis.es\/wp-content\/uploads\/2024\/05\/grupo-300x300.png 300w, https:\/\/www.asociaciontsis.es\/wp-content\/uploads\/2024\/05\/grupo-150x150.png 150w\" sizes=\"(max-width: 512px) 100vw, 512px\" \/><\/figure>\n\n\n\n<h3 class=\"wp-block-heading has-text-align-left\" style=\"margin-top:16px\"><a href=\"https:\/\/www.asociaciontsis.es\/?page_id=190\" data-type=\"page\" data-id=\"61\">Quienes somos<\/a><\/h3>\n\n\n\n<p class=\"has-text-align-left\">La Asociaci\u00f3n TSIS nace en el a\u00f1o 1997, fruto de la inquietud de tres profesionales del \u00e1mbito de las ciencias sociales&#8230;<\/p>\n<\/div>\n\n\n\n<div class=\"wp-block-column is-vertically-aligned-top is-layout-flow wp-container-core-column-is-layout-2 wp-block-column-is-layout-flow\">\n<figure class=\"wp-block-image aligncenter size-full is-resized\"><img loading=\"lazy\" decoding=\"async\" width=\"512\" height=\"512\" src=\"https:\/\/asociaciontsis.es\/wp-content\/uploads\/2024\/05\/family_2770540.png\" alt=\"\" class=\"wp-image-83\" style=\"width:50px;height:auto\" srcset=\"https:\/\/www.asociaciontsis.es\/wp-content\/uploads\/2024\/05\/family_2770540.png 512w, https:\/\/www.asociaciontsis.es\/wp-content\/uploads\/2024\/05\/family_2770540-300x300.png 300w, https:\/\/www.asociaciontsis.es\/wp-content\/uploads\/2024\/05\/family_2770540-150x150.png 150w\" sizes=\"(max-width: 512px) 100vw, 512px\" \/><\/figure>\n\n\n\n<h3 class=\"wp-block-heading has-text-align-left\" style=\"margin-top:16px\"><a href=\"https:\/\/asociaciontsis.es\/?page_id=107\" data-type=\"link\" data-id=\"https:\/\/asociaciontsis.es\/?page_id=107\">Aulas de familia<\/a><\/h3>\n\n\n\n<p class=\"has-text-align-left\">El programa <strong><em>Aulas de familia<\/em><\/strong> se compone de un conjunto de actividades a trav\u00e9s de las cuales se pretende dar un apoyo a madres y padres en el ejercicio de la parentalidad, con el objetivo principal de fomentar el bienestar infantil y familiar&#8230;.<\/p>\n<\/div>\n\n\n\n<div class=\"wp-block-column is-vertically-aligned-top is-layout-flow wp-container-core-column-is-layout-3 wp-block-column-is-layout-flow\">\n<figure class=\"wp-block-image aligncenter size-full is-resized\"><img loading=\"lazy\" decoding=\"async\" width=\"980\" height=\"980\" src=\"https:\/\/asociaciontsis.es\/wp-content\/uploads\/2024\/05\/childrens-rights-glyph-icon-silhouette-symbol-child-protection-day-hand-holding-kids-childcare-negative-space-isolated-illustration-vector.jpg\" alt=\"\" class=\"wp-image-86\" style=\"width:51px;height:auto\" srcset=\"https:\/\/www.asociaciontsis.es\/wp-content\/uploads\/2024\/05\/childrens-rights-glyph-icon-silhouette-symbol-child-protection-day-hand-holding-kids-childcare-negative-space-isolated-illustration-vector.jpg 980w, https:\/\/www.asociaciontsis.es\/wp-content\/uploads\/2024\/05\/childrens-rights-glyph-icon-silhouette-symbol-child-protection-day-hand-holding-kids-childcare-negative-space-isolated-illustration-vector-300x300.jpg 300w, https:\/\/www.asociaciontsis.es\/wp-content\/uploads\/2024\/05\/childrens-rights-glyph-icon-silhouette-symbol-child-protection-day-hand-holding-kids-childcare-negative-space-isolated-illustration-vector-150x150.jpg 150w, https:\/\/www.asociaciontsis.es\/wp-content\/uploads\/2024\/05\/childrens-rights-glyph-icon-silhouette-symbol-child-protection-day-hand-holding-kids-childcare-negative-space-isolated-illustration-vector-768x768.jpg 768w\" sizes=\"(max-width: 980px) 100vw, 980px\" \/><\/figure>\n\n\n\n<h3 class=\"wp-block-heading has-text-align-left\" style=\"margin-top:16px\"><a href=\"https:\/\/asociaciontsis.es\/?page_id=77\" data-type=\"page\" data-id=\"77\">DIAM<\/a><\/h3>\n\n\n\n<p class=\"has-text-align-left\">DIAM Guadalajara, o dispositivo itinerante de atenci\u00f3n al menor y la familia en Guadalajara, es un recurso implementado en la Secci\u00f3n de Protecci\u00f3n de Menores del Servicio de Infancia y Familia&#8230;.<\/p>\n<\/div>\n\n\n\n<div class=\"wp-block-column is-vertically-aligned-top is-layout-flow wp-container-core-column-is-layout-4 wp-block-column-is-layout-flow\">\n<figure class=\"wp-block-image aligncenter size-full is-resized\"><img loading=\"lazy\" decoding=\"async\" width=\"512\" height=\"512\" src=\"https:\/\/asociaciontsis.es\/wp-content\/uploads\/2024\/05\/radio.png\" alt=\"\" class=\"wp-image-84\" style=\"width:47px;height:auto\" srcset=\"https:\/\/www.asociaciontsis.es\/wp-content\/uploads\/2024\/05\/radio.png 512w, https:\/\/www.asociaciontsis.es\/wp-content\/uploads\/2024\/05\/radio-300x300.png 300w, https:\/\/www.asociaciontsis.es\/wp-content\/uploads\/2024\/05\/radio-150x150.png 150w\" sizes=\"(max-width: 512px) 100vw, 512px\" \/><\/figure>\n\n\n\n<h3 class=\"wp-block-heading has-text-align-left\" style=\"margin-top:16px\"><a href=\"https:\/\/asociaciontsis.es\/?page_id=80\" data-type=\"page\" data-id=\"80\">Programa de Radio<\/a><\/h3>\n\n\n\n<p class=\"has-text-align-left\">El programa lleva por nombre <strong><em>Volviendo del fin de semana<\/em><\/strong> y se emite los lunes de 17:30\u00b4a 18:30\u2019 en la emisora de Radio Arrebato, ubicada en el IES \u201cBrianda de Mendoza\u201d de Guadalajara&#8230;.<\/p>\n<\/div>\n<\/div>\n<\/div>\n\n\n\n<h2 class=\"wp-block-heading has-text-align-center\"><\/h2>\n\n\n\n<h2 class=\"wp-block-heading has-text-align-center\">Calendario de Actividades<\/h2>\n\n\n\n<div class=\"wp-block-a8c-event\"><div class=\"event__details\"><div class=\"event__datebox\"><span>Jun<\/span><span>19<\/span><\/div><h3 class=\"event__title\">Talles de pruebas<\/h3><div class=\"event__time\"><span class=\"event__label\">Cu\u00e1ndo:<\/span><time class=\"event__date-select\" datetime=\"2024-06-19T19:32:00+01:00\">19 Jun 2024 19:32<\/time><\/div><div class=\"event__description\">\n<p>Taller dedicado a las familias <\/p>\n<\/div><\/div><\/div>\n\n\n\n<p><\/p>\n\n\n\n<div style=\"height:57px\" aria-hidden=\"true\" class=\"wp-block-spacer\"><\/div>\n","protected":false},"excerpt":{"rendered":"<p>Quienes somos La Asociaci\u00f3n TSIS nace en el a\u00f1o 1997, fruto de la inquietud de tres profesionales del \u00e1mbito de [&hellip;]<\/p>\n","protected":false},"author":1,"featured_media":0,"parent":0,"menu_order":0,"comment_status":"closed","ping_status":"closed","template":"","meta":{"site-sidebar-layout":"no-sidebar","site-content-layout":"plain-container","ast-site-content-layout":"default","site-content-style":"default","site-sidebar-style":"default","ast-global-header-display":"","ast-banner-title-visibility":"","ast-main-header-display":"","ast-hfb-above-header-display":"","ast-hfb-below-header-display":"","ast-hfb-mobile-header-display":"","site-post-title":"disabled","ast-breadcrumbs-content":"","ast-featured-img":"","footer-sml-layout":"","theme-transparent-header-meta":"enabled","adv-header-id-meta":"","stick-header-meta":"","header-above-stick-meta":"","header-main-stick-meta":"","header-below-stick-meta":"","astra-migrate-meta-layouts":"default","ast-page-background-enabled":"default","ast-page-background-meta":{"desktop":{"background-color":"var(--ast-global-color-4)","background-image":"","background-repeat":"repeat","background-position":"center center","background-size":"auto","background-attachment":"scroll","background-type":"","background-media":"","overlay-type":"","overlay-color":"","overlay-opacity":"","overlay-gradient":""},"tablet":{"background-color":"","background-image":"","background-repeat":"repeat","background-position":"center center","background-size":"auto","background-attachment":"scroll","background-type":"","background-media":"","overlay-type":"","overlay-color":"","overlay-opacity":"","overlay-gradient":""},"mobile":{"background-color":"","background-image":"","background-repeat":"repeat","background-position":"center center","background-size":"auto","background-attachment":"scroll","background-type":"","background-media":"","overlay-type":"","overlay-color":"","overlay-opacity":"","overlay-gradient":""}},"ast-content-background-meta":{"desktop":{"background-color":"var(--ast-global-color-5)","background-image":"","background-repeat":"repeat","background-position":"center center","background-size":"auto","background-attachment":"scroll","background-type":"","background-media":"","overlay-type":"","overlay-color":"","overlay-opacity":"","overlay-gradient":""},"tablet":{"background-color":"var(--ast-global-color-5)","background-image":"","background-repeat":"repeat","background-position":"center center","background-size":"auto","background-attachment":"scroll","background-type":"","background-media":"","overlay-type":"","overlay-color":"","overlay-opacity":"","overlay-gradient":""},"mobile":{"background-color":"var(--ast-global-color-5)","background-image":"","background-repeat":"repeat","background-position":"center center","background-size":"auto","background-attachment":"scroll","background-type":"","background-media":"","overlay-type":"","overlay-color":"","overlay-opacity":"","overlay-gradient":""}},"footnotes":""},"class_list":["post-8","page","type-page","status-publish","hentry"],"_links":{"self":[{"href":"https:\/\/www.asociaciontsis.es\/index.php?rest_route=\/wp\/v2\/pages\/8"}],"collection":[{"href":"https:\/\/www.asociaciontsis.es\/index.php?rest_route=\/wp\/v2\/pages"}],"about":[{"href":"https:\/\/www.asociaciontsis.es\/index.php?rest_route=\/wp\/v2\/types\/page"}],"author":[{"embeddable":true,"href":"https:\/\/www.asociaciontsis.es\/index.php?rest_route=\/wp\/v2\/users\/1"}],"replies":[{"embeddable":true,"href":"https:\/\/www.asociaciontsis.es\/index.php?rest_route=%2Fwp%2Fv2%2Fcomments&post=8"}],"version-history":[{"count":46,"href":"https:\/\/www.asociaciontsis.es\/index.php?rest_route=\/wp\/v2\/pages\/8\/revisions"}],"predecessor-version":[{"id":254,"href":"https:\/\/www.asociaciontsis.es\/index.php?rest_route=\/wp\/v2\/pages\/8\/revisions\/254"}],"wp:attachment":[{"href":"https:\/\/www.asociaciontsis.es\/index.php?rest_route=%2Fwp%2Fv2%2Fmedia&parent=8"}],"curies":[{"name":"wp","href":"https:\/\/api.w.org\/{rel}","templated":true}]}}